{"id":37,"date":"2016-09-17T13:05:21","date_gmt":"2016-09-17T13:05:21","guid":{"rendered":"http:\/\/baseline.packs.siteorigin.com\/?page_id=37"},"modified":"2019-08-12T10:44:12","modified_gmt":"2019-08-12T08:44:12","slug":"dienstleistungen","status":"publish","type":"page","link":"https:\/\/nathalies-atelier.ch\/wordpress\/?page_id=37","title":{"rendered":"Meine Dienstleistungen"},"content":{"rendered":"<div id=\"pl-37\"  class=\"panel-layout\" ><div id=\"pg-37-0\"  class=\"panel-grid panel-has-style\" ><div class=\"siteorigin-panels-stretch panel-row-style panel-row-style-for-37-0\" data-stretch-type=\"full-stretched\" ><div id=\"pgc-37-0-0\"  class=\"panel-grid-cell\" ><div id=\"panel-37-0-0-0\" class=\"so-panel widget widget_sow-layout-slider panel-first-child panel-last-child\" data-index=\"0\" ><div\n\t\t\t\n\t\t\tclass=\"so-widget-sow-layout-slider so-widget-sow-layout-slider-default-e3753ca5a34a-37\"\n\t\t\t\n\t\t>\t\t\t\t<div class=\"sow-slider-base\" style=\"display: none\" tabindex=\"0\">\n\t\t\t\t\t<ul\n\t\t\t\t\tclass=\"sow-slider-images\"\n\t\t\t\t\tdata-settings=\"{&quot;pagination&quot;:true,&quot;speed&quot;:800,&quot;timeout&quot;:8000,&quot;paused&quot;:false,&quot;pause_on_hover&quot;:false,&quot;swipe&quot;:true,&quot;nav_always_show_desktop&quot;:&quot;&quot;,&quot;nav_always_show_mobile&quot;:&quot;&quot;,&quot;breakpoint&quot;:&quot;780px&quot;,&quot;unmute&quot;:false,&quot;anchor&quot;:null}\"\n\t\t\t\t\t\t\t\t\t\tdata-anchor-id=\"\"\n\t\t\t\t>\t\t<li class=\"sow-slider-image\" style=\"visibility: visible;;background-color: #adadad\" >\n\t\t\t\t\t<div class=\"sow-slider-image-container\">\n\t\t\t<div class=\"sow-slider-image-wrapper\">\n\t\t\t\t<div id=\"pl-w4f6dee84\"  class=\"panel-layout\" ><div id=\"pg-w4f6dee84-0\"  class=\"panel-grid panel-no-style\" ><div id=\"pgc-w4f6dee84-0-0\"  class=\"panel-grid-cell panel-grid-cell-empty\" ><\/div><div id=\"pgc-w4f6dee84-0-1\"  class=\"panel-grid-cell\" ><div id=\"panel-w4f6dee84-0-1-0\" class=\"so-panel widget widget_sow-editor panel-first-child panel-last-child\" data-index=\"0\" ><div\n\t\t\t\n\t\t\tclass=\"so-widget-sow-editor so-widget-sow-editor-base\"\n\t\t\t\n\t\t>\n<div class=\"siteorigin-widget-tinymce textwidget\">\n\t<h1>Dienstleistungen<\/h1>\n<h3>Die folgenden Dienstleistungen biete ich Dir an<\/h3>\n<p>F\u00fcr detaillierte Informationen ruf mich einfach an oder melde Dich per Email bei mir.\u00a0<\/p>\n<\/div>\n<\/div><\/div><\/div><div id=\"pgc-w4f6dee84-0-2\"  class=\"panel-grid-cell\" ><div id=\"panel-w4f6dee84-0-2-0\" class=\"so-panel widget widget_sow-icon panel-first-child panel-last-child\" data-index=\"1\" ><div\n\t\t\t\n\t\t\tclass=\"so-widget-sow-icon so-widget-sow-icon-default-574f1e02599a-37\"\n\t\t\t\n\t\t>\n<div class=\"sow-icon-container sow-icon\">\n\t\t\t<span class=\"sow-icon-elegantline\" data-sow-icon=\"&#xe04e;\"\n\t\t \n\t\taria-hidden=\"true\"><\/span>\t<\/div>\n<\/div><\/div><\/div><\/div><\/div>\t\t\t<\/div>\n\t\t<\/div>\n\t\t\t\t<\/li>\n\t\t<\/ul>\t\t\t\t<ol class=\"sow-slider-pagination\">\n\t\t\t\t\t\t\t\t\t\t\t<li><a href=\"#\" data-goto=\"0\" aria-label=\"Display slide 1\"><\/a><\/li>\n\t\t\t\t\t\t\t\t\t<\/ol>\n\n\t\t\t\t<div class=\"sow-slide-nav sow-slide-nav-next\">\n\t\t\t\t\t<a href=\"#\" data-goto=\"next\" aria-label=\"Next slide\" data-action=\"next\">\n\t\t\t\t\t\t<em class=\"sow-sld-icon-thin-right\"><\/em>\n\t\t\t\t\t<\/a>\n\t\t\t\t<\/div>\n\n\t\t\t\t<div class=\"sow-slide-nav sow-slide-nav-prev\">\n\t\t\t\t\t<a href=\"#\" data-goto=\"previous\" aria-label=\"Previous slide\" data-action=\"prev\">\n\t\t\t\t\t\t<em class=\"sow-sld-icon-thin-left\"><\/em>\n\t\t\t\t\t<\/a>\n\t\t\t\t<\/div>\n\t\t\t\t<\/div><\/div><\/div><\/div><\/div><\/div><div id=\"pg-37-1\"  class=\"panel-grid panel-has-style\" ><div class=\"siteorigin-panels-stretch panel-row-style panel-row-style-for-37-1\" data-stretch-type=\"full\" ><div id=\"pgc-37-1-0\"  class=\"panel-grid-cell\" ><div id=\"panel-37-1-0-0\" class=\"so-panel widget widget_sow-editor panel-first-child panel-last-child\" data-index=\"1\" ><div\n\t\t\t\n\t\t\tclass=\"so-widget-sow-editor so-widget-sow-editor-base\"\n\t\t\t\n\t\t><h3 class=\"widget-title\">Dienstleistungen <\/h3>\n<div class=\"siteorigin-widget-tinymce textwidget\">\n\t<p>Im Atelier biete ich Dir neben modellieren mit Ton, gestalten und glasieren, auch die M\u00f6glichkeit zu anderen Bastelaktivit\u00e4ten.<br \/>Gerne f\u00fchre ich f\u00fcr Dich Auftragsarbeiten aus oder unterst\u00fctze Dich bei der Realisierung Deiner Werke.<br \/>Arbeitspl\u00e4tze, Werkzeug, Rohmaterial und Brennofen stehen zur Verf\u00fcgung. Wie erfahrene (Hobby-) T\u00f6pfer wissen, ist der Transport ungebrannter Waren ein grosses Risiko!<\/p>\n<p><strong>Wichtiger Hinweis vor dem Brennen<\/strong><br \/>In meinem Brennofen k\u00f6nnen Werke bis zu einem Durchmesser von 48 cm und einer H\u00f6he von 50 cm gebrannt werden<\/p>\n<p><strong>Der Rohbrand<br \/><\/strong>Der Rohbrand erfolgt bei einer Temperatur zwichen 930\u00b0C-980\u00b0C.<br \/>Achten Sie darauf, nur gut getrocknete Werkst\u00fccke zum Brennen abgeben. Auf regelm\u00e4ssige Wandst\u00e4rke der Werke achten. Die Objekte sollten eine maximale Dicke von 2 cm aufweisen.<\/p>\n<p><strong>Der Glasurbrand<br \/><\/strong>Der Glasurbrand erfolgt bei einer Temperatur zwischen 1020\u00b0C-1250\u00b0C<br \/>Achten Sie darauf, die genaue Bezeichnung der Tonsorte sowie der verwendeten Glasur angeben. Die Standfl\u00e4chen darf nicht glasiert werden.<\/p>\n<p><strong>Die Brennkosten<\/strong><br \/>Die Kosten werden nach dem Brennen pro Kilo verrechnet.<br \/>Der Rohbrand kostet: 7.00 pro Kilogramm Tonmasse.<br \/>Der Glasurbrand kostet 12.00 pro Kilogramm Tonmasse.<\/p>\n<p>F\u00fcr weitere Informationen nehmen Sie bitte mit mir Kontakt auf.<\/p>\n<p><strong>Allgemeiner Hinweis zum Brennen<\/strong><br \/>Es ist mir bewusst, dass Werkst\u00fccke, welche Sie zum Brennen bringen, individuelle und pers\u00f6nliche Werke sind. Ich behandle diese mit gr\u00f6sstm\u00f6glicher Sorgfalt und dem entsprechenden Fachwissen. Ein Bruchrisiko kann jedoch nie ganz ausgeschlossen werden, Garantien f\u00fcr das Brennen kann ich deshalb keine \u00fcbernehmen.<\/p>\n<\/div>\n<\/div><\/div><\/div><\/div><\/div><div id=\"pg-37-2\"  class=\"panel-grid panel-has-style\" ><div class=\"siteorigin-panels-stretch panel-row-style panel-row-style-for-37-2\" data-stretch-type=\"full\" ><div id=\"pgc-37-2-0\"  class=\"panel-grid-cell\" ><div id=\"panel-37-2-0-0\" class=\"so-panel widget widget_sow-headline panel-first-child panel-last-child\" data-index=\"2\" ><div\n\t\t\t\n\t\t\tclass=\"so-widget-sow-headline so-widget-sow-headline-default-3e2df3206d3f-37\"\n\t\t\t\n\t\t><div class=\"sow-headline-container \">\n\t\t\t\t\t\t\t<h3 class=\"sow-headline\">\n\t\t\t\t\t\tHast Du Fragen, Anregungen oder Ideen die Du umsetzen m\u00f6chtest? Melde Dich einfach bei mir.\t\t\t\t\t\t<\/h3>\n\t\t\t\t\t\t<\/div>\n<\/div><\/div><\/div><div id=\"pgc-37-2-1\"  class=\"panel-grid-cell\" ><div id=\"panel-37-2-1-0\" class=\"so-panel widget widget_sow-button panel-first-child panel-last-child\" data-index=\"3\" ><div\n\t\t\t\n\t\t\tclass=\"so-widget-sow-button so-widget-sow-button-flat-89ed954e9f89-37\"\n\t\t\t\n\t\t><div class=\"ow-button-base ow-button-align-center\"\n>\n\t\t\t<a\n\t\t\t\t\thref=\"https:\/\/nathalies-atelier.ch\/wordpress\/?page_id=38\"\n\t\t\t\t\tclass=\"sowb-button ow-icon-placement-left ow-button-hover\" \t>\n\t\t<span>\n\t\t\t<span class=\"sow-icon-fontawesome sow-fas\" data-sow-icon=\"&#xf129;\"\n\t\tstyle=\"\" \n\t\taria-hidden=\"true\"><\/span>\n\t\t\tKontaktiere mich\t\t<\/span>\n\t\t\t<\/a>\n\t<\/div>\n<\/div><\/div><\/div><\/div><\/div><\/div>","protected":false},"excerpt":{"rendered":"<p>Im Atelier biete ich Dir neben modellieren mit Ton, gestalten und glasieren, auch die M\u00f6glichkeit zu anderen Bastelaktivit\u00e4ten.Gerne f\u00fchre ich f\u00fcr Dich Auftragsarbeiten aus oder unterst\u00fctze Dich bei der Realisierung Deiner Werke.Arbeitspl\u00e4tze, Werkzeug, Rohmaterial und Brennofen stehen zur Verf\u00fcgung. Wie erfahrene (Hobby-) T\u00f6pfer wissen, ist der Transport ungebrannter Waren ein grosses Risiko!Wichtiger Hinweis vor dem [&hellip;]<\/p>\n","protected":false},"author":1,"featured_media":0,"parent":0,"menu_order":0,"comment_status":"closed","ping_status":"closed","template":"","meta":{"footnotes":""},"class_list":["post-37","page","type-page","status-publish","hentry","post"],"yoast_head":"<!-- This site is optimized with the Yoast SEO plugin v27.2 - https:\/\/yoast.com\/product\/yoast-seo-wordpress\/ -->\n<title>Meine Dienstleistungen - My CMS<\/title>\n<meta name=\"robots\" content=\"index, follow, max-snippet:-1, max-image-preview:large, max-video-preview:-1\" \/>\n<link rel=\"canonical\" href=\"https:\/\/nathalies-atelier.ch\/wordpress\/?page_id=37\" \/>\n<meta property=\"og:locale\" content=\"en_US\" \/>\n<meta property=\"og:type\" content=\"article\" \/>\n<meta property=\"og:title\" content=\"Meine Dienstleistungen - My CMS\" \/>\n<meta property=\"og:description\" content=\"Im Atelier biete ich Dir neben modellieren mit Ton, gestalten und glasieren, auch die M\u00f6glichkeit zu anderen Bastelaktivit\u00e4ten.Gerne f\u00fchre ich f\u00fcr Dich Auftragsarbeiten aus oder unterst\u00fctze Dich bei der Realisierung Deiner Werke.Arbeitspl\u00e4tze, Werkzeug, Rohmaterial und Brennofen stehen zur Verf\u00fcgung. Wie erfahrene (Hobby-) T\u00f6pfer wissen, ist der Transport ungebrannter Waren ein grosses Risiko!Wichtiger Hinweis vor dem [&hellip;]\" \/>\n<meta property=\"og:url\" content=\"https:\/\/nathalies-atelier.ch\/wordpress\/?page_id=37\" \/>\n<meta property=\"og:site_name\" content=\"My CMS\" \/>\n<meta property=\"article:modified_time\" content=\"2019-08-12T08:44:12+00:00\" \/>\n<meta name=\"twitter:card\" content=\"summary_large_image\" \/>\n<meta name=\"twitter:label1\" content=\"Est. reading time\" \/>\n\t<meta name=\"twitter:data1\" content=\"1 minute\" \/>\n<script type=\"application\/ld+json\" class=\"yoast-schema-graph\">{\"@context\":\"https:\/\/schema.org\",\"@graph\":[{\"@type\":\"WebPage\",\"@id\":\"https:\/\/nathalies-atelier.ch\/wordpress\/?page_id=37\",\"url\":\"https:\/\/nathalies-atelier.ch\/wordpress\/?page_id=37\",\"name\":\"Meine Dienstleistungen - My CMS\",\"isPartOf\":{\"@id\":\"https:\/\/nathalies-atelier.ch\/wordpress\/#website\"},\"datePublished\":\"2016-09-17T13:05:21+00:00\",\"dateModified\":\"2019-08-12T08:44:12+00:00\",\"breadcrumb\":{\"@id\":\"https:\/\/nathalies-atelier.ch\/wordpress\/?page_id=37#breadcrumb\"},\"inLanguage\":\"en-US\",\"potentialAction\":[{\"@type\":\"ReadAction\",\"target\":[\"https:\/\/nathalies-atelier.ch\/wordpress\/?page_id=37\"]}]},{\"@type\":\"BreadcrumbList\",\"@id\":\"https:\/\/nathalies-atelier.ch\/wordpress\/?page_id=37#breadcrumb\",\"itemListElement\":[{\"@type\":\"ListItem\",\"position\":1,\"name\":\"Startseite\",\"item\":\"https:\/\/nathalies-atelier.ch\/wordpress\/\"},{\"@type\":\"ListItem\",\"position\":2,\"name\":\"Meine Dienstleistungen\"}]},{\"@type\":\"WebSite\",\"@id\":\"https:\/\/nathalies-atelier.ch\/wordpress\/#website\",\"url\":\"https:\/\/nathalies-atelier.ch\/wordpress\/\",\"name\":\"My CMS\",\"description\":\"T\u00f6pfern, basteln und vieles mehr...\",\"publisher\":{\"@id\":\"https:\/\/nathalies-atelier.ch\/wordpress\/#organization\"},\"potentialAction\":[{\"@type\":\"SearchAction\",\"target\":{\"@type\":\"EntryPoint\",\"urlTemplate\":\"https:\/\/nathalies-atelier.ch\/wordpress\/?s={search_term_string}\"},\"query-input\":{\"@type\":\"PropertyValueSpecification\",\"valueRequired\":true,\"valueName\":\"search_term_string\"}}],\"inLanguage\":\"en-US\"},{\"@type\":\"Organization\",\"@id\":\"https:\/\/nathalies-atelier.ch\/wordpress\/#organization\",\"name\":\"My CMS\",\"url\":\"https:\/\/nathalies-atelier.ch\/wordpress\/\",\"logo\":{\"@type\":\"ImageObject\",\"inLanguage\":\"en-US\",\"@id\":\"https:\/\/nathalies-atelier.ch\/wordpress\/#\/schema\/logo\/image\/\",\"url\":\"https:\/\/nathalies-atelier.ch\/wordpress\/wp-content\/uploads\/2016\/11\/NathaliesAtelier_200x26.png\",\"contentUrl\":\"https:\/\/nathalies-atelier.ch\/wordpress\/wp-content\/uploads\/2016\/11\/NathaliesAtelier_200x26.png\",\"width\":199,\"height\":26,\"caption\":\"My CMS\"},\"image\":{\"@id\":\"https:\/\/nathalies-atelier.ch\/wordpress\/#\/schema\/logo\/image\/\"}}]}<\/script>\n<!-- \/ Yoast SEO plugin. -->","yoast_head_json":{"title":"Meine Dienstleistungen - My CMS","robots":{"index":"index","follow":"follow","max-snippet":"max-snippet:-1","max-image-preview":"max-image-preview:large","max-video-preview":"max-video-preview:-1"},"canonical":"https:\/\/nathalies-atelier.ch\/wordpress\/?page_id=37","og_locale":"en_US","og_type":"article","og_title":"Meine Dienstleistungen - My CMS","og_description":"Im Atelier biete ich Dir neben modellieren mit Ton, gestalten und glasieren, auch die M\u00f6glichkeit zu anderen Bastelaktivit\u00e4ten.Gerne f\u00fchre ich f\u00fcr Dich Auftragsarbeiten aus oder unterst\u00fctze Dich bei der Realisierung Deiner Werke.Arbeitspl\u00e4tze, Werkzeug, Rohmaterial und Brennofen stehen zur Verf\u00fcgung. Wie erfahrene (Hobby-) T\u00f6pfer wissen, ist der Transport ungebrannter Waren ein grosses Risiko!Wichtiger Hinweis vor dem [&hellip;]","og_url":"https:\/\/nathalies-atelier.ch\/wordpress\/?page_id=37","og_site_name":"My CMS","article_modified_time":"2019-08-12T08:44:12+00:00","twitter_card":"summary_large_image","twitter_misc":{"Est. reading time":"1 minute"},"schema":{"@context":"https:\/\/schema.org","@graph":[{"@type":"WebPage","@id":"https:\/\/nathalies-atelier.ch\/wordpress\/?page_id=37","url":"https:\/\/nathalies-atelier.ch\/wordpress\/?page_id=37","name":"Meine Dienstleistungen - My CMS","isPartOf":{"@id":"https:\/\/nathalies-atelier.ch\/wordpress\/#website"},"datePublished":"2016-09-17T13:05:21+00:00","dateModified":"2019-08-12T08:44:12+00:00","breadcrumb":{"@id":"https:\/\/nathalies-atelier.ch\/wordpress\/?page_id=37#breadcrumb"},"inLanguage":"en-US","potentialAction":[{"@type":"ReadAction","target":["https:\/\/nathalies-atelier.ch\/wordpress\/?page_id=37"]}]},{"@type":"BreadcrumbList","@id":"https:\/\/nathalies-atelier.ch\/wordpress\/?page_id=37#breadcrumb","itemListElement":[{"@type":"ListItem","position":1,"name":"Startseite","item":"https:\/\/nathalies-atelier.ch\/wordpress\/"},{"@type":"ListItem","position":2,"name":"Meine Dienstleistungen"}]},{"@type":"WebSite","@id":"https:\/\/nathalies-atelier.ch\/wordpress\/#website","url":"https:\/\/nathalies-atelier.ch\/wordpress\/","name":"My CMS","description":"T\u00f6pfern, basteln und vieles mehr...","publisher":{"@id":"https:\/\/nathalies-atelier.ch\/wordpress\/#organization"},"potentialAction":[{"@type":"SearchAction","target":{"@type":"EntryPoint","urlTemplate":"https:\/\/nathalies-atelier.ch\/wordpress\/?s={search_term_string}"},"query-input":{"@type":"PropertyValueSpecification","valueRequired":true,"valueName":"search_term_string"}}],"inLanguage":"en-US"},{"@type":"Organization","@id":"https:\/\/nathalies-atelier.ch\/wordpress\/#organization","name":"My CMS","url":"https:\/\/nathalies-atelier.ch\/wordpress\/","logo":{"@type":"ImageObject","inLanguage":"en-US","@id":"https:\/\/nathalies-atelier.ch\/wordpress\/#\/schema\/logo\/image\/","url":"https:\/\/nathalies-atelier.ch\/wordpress\/wp-content\/uploads\/2016\/11\/NathaliesAtelier_200x26.png","contentUrl":"https:\/\/nathalies-atelier.ch\/wordpress\/wp-content\/uploads\/2016\/11\/NathaliesAtelier_200x26.png","width":199,"height":26,"caption":"My CMS"},"image":{"@id":"https:\/\/nathalies-atelier.ch\/wordpress\/#\/schema\/logo\/image\/"}}]}},"_links":{"self":[{"href":"https:\/\/nathalies-atelier.ch\/wordpress\/index.php?rest_route=\/wp\/v2\/pages\/37","targetHints":{"allow":["GET"]}}],"collection":[{"href":"https:\/\/nathalies-atelier.ch\/wordpress\/index.php?rest_route=\/wp\/v2\/pages"}],"about":[{"href":"https:\/\/nathalies-atelier.ch\/wordpress\/index.php?rest_route=\/wp\/v2\/types\/page"}],"author":[{"embeddable":true,"href":"https:\/\/nathalies-atelier.ch\/wordpress\/index.php?rest_route=\/wp\/v2\/users\/1"}],"replies":[{"embeddable":true,"href":"https:\/\/nathalies-atelier.ch\/wordpress\/index.php?rest_route=%2Fwp%2Fv2%2Fcomments&post=37"}],"version-history":[{"count":8,"href":"https:\/\/nathalies-atelier.ch\/wordpress\/index.php?rest_route=\/wp\/v2\/pages\/37\/revisions"}],"predecessor-version":[{"id":348,"href":"https:\/\/nathalies-atelier.ch\/wordpress\/index.php?rest_route=\/wp\/v2\/pages\/37\/revisions\/348"}],"wp:attachment":[{"href":"https:\/\/nathalies-atelier.ch\/wordpress\/index.php?rest_route=%2Fwp%2Fv2%2Fmedia&parent=37"}],"curies":[{"name":"wp","href":"https:\/\/api.w.org\/{rel}","templated":true}]}}